{"id":278,"date":"2018-05-01T16:01:20","date_gmt":"2018-05-01T16:01:20","guid":{"rendered":"http:\/\/solonick.webredox.net\/?page_id=278"},"modified":"2022-05-20T21:16:54","modified_gmt":"2022-05-20T21:16:54","slug":"contact","status":"publish","type":"page","link":"https:\/\/spainestgroup.com\/index.php\/contact\/","title":{"rendered":"Contact"},"content":{"rendered":"<p>[vc_row opt_line_sec=&#8221;st2&#8243; opt_parallax_block_sec=&#8221;st2&#8243; opt_title_sec=&#8221;st2&#8243; solonick_title=&#8221;Contact`{`span`}`\/\/`{`\/span`}`&#8221;][vc_column][vc_row_inner][vc_column_inner width=&#8221;1\/4&#8243;][solonick_title title=&#8221;Contact&#8221; subtitle=&#8221;Information and departments for project assessment&#8221;][\/vc_column_inner][vc_column_inner width=&#8221;1\/4&#8243;][solonick_contact_info iconclass=&#8221;fal fa-envelope-open&#8221; title=&#8221;01. MAIN OFFICE&#8221;]<a href=\"mailto:info@spainest.com\">info@spainest.com<\/a>[\/solonick_contact_info][\/vc_column_inner][vc_column_inner width=&#8221;1\/4&#8243;][solonick_contact_info iconclass=&#8221;fal fa-envelope-open&#8221; title=&#8221;02. ENERGIES Dept.&#8221;]<a href=\"mailto:energy@spainest.com\">energy@spainest.com<\/a>[\/solonick_contact_info][\/vc_column_inner][vc_column_inner width=&#8221;1\/4&#8243;][solonick_contact_info iconclass=&#8221;fal fa-envelope-open&#8221; title=&#8221;03. HEALTHCARE Dept.&#8221;]<a href=\"mailto:healthcare@spainest.com\">healthcare@spainest.com<\/a>[\/solonick_contact_info][\/vc_column_inner][\/vc_row_inner][vc_row_inner][vc_column_inner][solonick_map latitude=&#8221;39.47197014459885, -0.3570845288353729&#8243; address=&#8221;Avenida Arag\u00f3n, 30, Valencia, Val\u00e8ncia, Espa\u00f1a&#8221; image=&#8221;281&#8243;][\/vc_column_inner][\/vc_row_inner][vc_row_inner disable_element=&#8221;yes&#8221;][vc_column_inner width=&#8221;3\/12&#8243;][solonick_title title=&#8221;Get In Touch&#8221; subtitle=&#8221;Lorem Ipsum generators on the Internet king this the first true generator&#8221;][\/vc_column_inner][vc_column_inner width=&#8221;7\/12&#8243;]<p class=\"wpcf7-contact-form-not-found\"><strong>Error:<\/strong> Contact form not found.<\/p>[\/vc_column_inner][\/vc_row_inner][\/vc_column][\/vc_row]<\/p>\n","protected":false},"excerpt":{"rendered":"<p>[vc_row opt_line_sec=&#8221;st2&#8243; opt_parallax_block_sec=&#8221;st2&#8243; opt_title_sec=&#8221;st2&#8243; solonick_title=&#8221;Contact`{`span`}`\/\/`{`\/span`}`&#8221;][vc_column][vc_row_inner][vc_column_inner width=&#8221;1\/4&#8243;][solonick_title title=&#8221;Contact&#8221; subtitle=&#8221;Information and departments for project assessment&#8221;][\/vc_column_inner][vc_column_inner width=&#8221;1\/4&#8243;][solonick_contact_info iconclass=&#8221;fal fa-envelope-open&#8221; title=&#8221;01. MAIN OFFICE&#8221;]info@spainest.com[\/solonick_contact_info][\/vc_column_inner][vc_column_inner width=&#8221;1\/4&#8243;][solonick_contact_info iconclass=&#8221;fal fa-envelope-open&#8221; title=&#8221;02. ENERGIES Dept.&#8221;]energy@spainest.com[\/solonick_contact_info][\/vc_column_inner][vc_column_inner width=&#8221;1\/4&#8243;][solonick_contact_info iconclass=&#8221;fal fa-envelope-open&#8221; title=&#8221;03. HEALTHCARE Dept.&#8221;]healthcare@spainest.com[\/solonick_contact_info][\/vc_column_inner][\/vc_row_inner][vc_row_inner][vc_column_inner][solonick_map latitude=&#8221;39.47197014459885, -0.3570845288353729&#8243; address=&#8221;Avenida Arag\u00f3n, 30, Valencia, Val\u00e8ncia, Espa\u00f1a&#8221; image=&#8221;281&#8243;][\/vc_column_inner][\/vc_row_inner][vc_row_inner disable_element=&#8221;yes&#8221;][vc_column_inner width=&#8221;3\/12&#8243;][solonick_title title=&#8221;Get In Touch&#8221; subtitle=&#8221;Lorem Ipsum generators on the Internet king this the first..<\/p>\n","protected":false},"author":1,"featured_media":229,"parent":0,"menu_order":0,"comment_status":"closed","ping_status":"closed","template":"","meta":{"om_disable_all_campaigns":false,"_monsterinsights_skip_tracking":false,"_monsterinsights_sitenote_active":false,"_monsterinsights_sitenote_note":"","_monsterinsights_sitenote_category":0,"footnotes":""},"class_list":["post-278","page","type-page","status-publish","has-post-thumbnail","hentry"],"aioseo_notices":[],"_links":{"self":[{"href":"https:\/\/spainestgroup.com\/index.php\/wp-json\/wp\/v2\/pages\/278","targetHints":{"allow":["GET"]}}],"collection":[{"href":"https:\/\/spainestgroup.com\/index.php\/wp-json\/wp\/v2\/pages"}],"about":[{"href":"https:\/\/spainestgroup.com\/index.php\/wp-json\/wp\/v2\/types\/page"}],"author":[{"embeddable":true,"href":"https:\/\/spainestgroup.com\/index.php\/wp-json\/wp\/v2\/users\/1"}],"replies":[{"embeddable":true,"href":"https:\/\/spainestgroup.com\/index.php\/wp-json\/wp\/v2\/comments?post=278"}],"version-history":[{"count":11,"href":"https:\/\/spainestgroup.com\/index.php\/wp-json\/wp\/v2\/pages\/278\/revisions"}],"predecessor-version":[{"id":555,"href":"https:\/\/spainestgroup.com\/index.php\/wp-json\/wp\/v2\/pages\/278\/revisions\/555"}],"wp:featuredmedia":[{"embeddable":true,"href":"https:\/\/spainestgroup.com\/index.php\/wp-json\/wp\/v2\/media\/229"}],"wp:attachment":[{"href":"https:\/\/spainestgroup.com\/index.php\/wp-json\/wp\/v2\/media?parent=278"}],"curies":[{"name":"wp","href":"https:\/\/api.w.org\/{rel}","templated":true}]}}